{"id":6,"date":"2017-10-07T12:00:03","date_gmt":"2017-10-07T12:00:03","guid":{"rendered":"http:\/\/www2.tsa.ee\/18122018\/?page_id=6"},"modified":"2018-12-18T23:18:04","modified_gmt":"2018-12-18T23:18:04","slug":"avaleht","status":"publish","type":"page","link":"https:\/\/www2.tsa.ee\/18122018\/","title":{"rendered":"Avaleht"},"content":{"rendered":"<div class=\"fusion-fullwidth fullwidth-box nonhundred-percent-fullwidth non-hundred-percent-height-scrolling\"  style='background-color: rgba(255,255,255,0);background-position: center center;background-repeat: no-repeat;padding-top:0px;padding-right:0px;padding-bottom:0px;padding-left:0px;'><div class=\"fusion-builder-row fusion-row \"><div  class=\"fusion-layout-column fusion_builder_column fusion_builder_column_1_2  fusion-one-half fusion-column-first 1_2\"  style='margin-top:0px;margin-bottom:20px;width:50%;width:calc(50% - ( ( 4% ) * 0.5 ) );margin-right: 4%;'>\r\n\t\t\t\t\t<div class=\"fusion-column-wrapper\" style=\"background-position:left top;background-repeat:no-repeat;-webkit-background-size:cover;-moz-background-size:cover;-o-background-size:cover;background-size:cover;\"   data-bg-url=\"\">\r\n\t\t\t\t\t\t<div class=\"fusion-content-boxes content-boxes columns row fusion-columns-1 fusion-columns-total-1 fusion-content-boxes-1 content-boxes-icon-with-title content-left\" data-animationOffset=\"100%\" style=\"margin-top:0px;margin-bottom:60px;\"><style type=\"text\/css\" scoped=\"scoped\">.fusion-content-boxes-1 .heading .content-box-heading {color:#333333;}\n\t\t\t\t\t.fusion-content-boxes-1 .fusion-content-box-hover .link-area-link-icon-hover .heading .content-box-heading,\n\t\t\t\t\t.fusion-content-boxes-1 .fusion-content-box-hover .link-area-link-icon-hover .heading .heading-link .content-box-heading,\n\t\t\t\t\t.fusion-content-boxes-1 .fusion-content-box-hover .link-area-box-hover .heading .content-box-heading,\n\t\t\t\t\t.fusion-content-boxes-1 .fusion-content-box-hover .link-area-box-hover .heading .heading-link .content-box-heading,\n\t\t\t\t\t.fusion-content-boxes-1 .fusion-content-box-hover .link-area-link-icon-hover.link-area-box .fusion-read-more,\n\t\t\t\t\t.fusion-content-boxes-1 .fusion-content-box-hover .link-area-link-icon-hover.link-area-box .fusion-read-more::after,\n\t\t\t\t\t.fusion-content-boxes-1 .fusion-content-box-hover .link-area-link-icon-hover.link-area-box .fusion-read-more::before,\n\t\t\t\t\t.fusion-content-boxes-1 .fusion-content-box-hover .fusion-read-more:hover:after,\n\t\t\t\t\t.fusion-content-boxes-1 .fusion-content-box-hover .fusion-read-more:hover:before,\n\t\t\t\t\t.fusion-content-boxes-1 .fusion-content-box-hover .fusion-read-more:hover,\n\t\t\t\t\t.fusion-content-boxes-1 .fusion-content-box-hover .link-area-box-hover.link-area-box .fusion-read-more,\n\t\t\t\t\t.fusion-content-boxes-1 .fusion-content-box-hover .link-area-box-hover.link-area-box .fusion-read-more::after,\n\t\t\t\t\t.fusion-content-boxes-1 .fusion-content-box-hover .link-area-box-hover.link-area-box .fusion-read-more::before,\n\t\t\t\t\t.fusion-content-boxes-1 .fusion-content-box-hover .link-area-link-icon-hover .icon .circle-no,\n\t\t\t\t\t.fusion-content-boxes-1 .heading .heading-link:hover .content-box-heading {\n\t\t\t\t\t\tcolor: #a0ce4e;\n\t\t\t\t\t}\n\t\t\t\t\t.fusion-content-boxes-1 .fusion-content-box-hover .link-area-box-hover .icon .circle-no {\n\t\t\t\t\t\tcolor: #a0ce4e !important;\n\t\t\t\t\t}.fusion-content-boxes-1 .fusion-content-box-hover .link-area-box.link-area-box-hover .fusion-content-box-button {background: #aad75b;color: #638e1a;background-image: -webkit-gradient( linear, left bottom, left top, from( #d1e990 ), to( #aad75b ) );background-image: linear-gradient( to top, #d1e990, #aad75b )}.fusion-content-boxes-1 .fusion-content-box-hover .link-area-box.link-area-box-hover .fusion-content-box-button .fusion-button-text {color: #638e1a;}\n\t\t\t\t\t.fusion-content-boxes-1 .fusion-content-box-hover .link-area-link-icon-hover .heading .icon > span {\n\t\t\t\t\t\tbackground-color: #a0ce4e !important;\n\t\t\t\t\t}\n\t\t\t\t\t.fusion-content-boxes-1 .fusion-content-box-hover .link-area-box-hover .heading .icon > span {\n\t\t\t\t\t\tborder-color: #a0ce4e !important;\n\t\t\t\t\t}<\/style><div class=\"fusion-column content-box-column content-box-column content-box-column-1 col-lg-12 col-md-12 col-sm-12 fusion-content-box-hover  content-box-column-last\"><div class=\"col content-wrapper link-area-link-icon icon-hover-animation-fade\" style=\"background-color:rgba(255,255,255,0);\" data-animationOffset=\"100%\"><div class=\"fusion-clearfix\"><\/div><div class=\"content-container\" style=\"color:#747474;\">\n<h3>Otsing ja kaardid<\/h3>\n<p><big><a class=\"nonblock\" href=\"http:\/\/www.google.com\/\">Google<\/a><\/big>&nbsp; &nbsp;&nbsp; &nbsp; <big><a class=\"nonblock\" href=\"http:\/\/www.neti.ee\/\">Neti<\/a><\/big>&nbsp;&nbsp;&nbsp;&nbsp;&nbsp;&nbsp;&nbsp;&nbsp;&nbsp; &nbsp;<a class=\"nonblock\" href=\"http:\/\/pump.regio.ee\/\">Eesti kaart (aadressiotsinguga)<\/a>&nbsp;&nbsp;&nbsp;&nbsp; <a class=\"nonblock\" href=\"http:\/\/maps.google.com\/\">Google maps<\/a><\/p>\n<h3>\u00dchistransport ja s\u00f5iduplaanid<\/h3>\n<p><a class=\"nonblock\" href=\"http:\/\/soiduplaan.tallinn.ee\/\">Tallinna \u00fchistransport<\/a>&nbsp; &nbsp;&nbsp; <a href=\"http:\/\/www.tpilet.ee\/\">Bussid<\/a>&nbsp; &nbsp;&nbsp; <a href=\"http:\/\/elron.ee\/\">Rongid<\/a> &nbsp; &nbsp; <a href=\"http:\/\/www2.tsa.ee\/18122018\/avaleht\/laevad\">Laevad<\/a>&nbsp;&nbsp;&nbsp;&nbsp; <a href=\"http:\/\/www.tallinn-airport.ee\/\">Lennud reaalajas<\/a><\/p>\n<h3>Pangad ja raha<\/h3>\n<p><a class=\"nonblock\" href=\"https:\/\/www.swedbank.ee\/\">Swedbank<\/a>&nbsp;&nbsp;&nbsp;&nbsp; <a class=\"nonblock\" href=\"https:\/\/www.seb.ee\/\">SEB<\/a>&nbsp;&nbsp;&nbsp;&nbsp; <a class=\"nonblock\" href=\"http:\/\/www.danskebank.ee\/\">Danske<\/a>&nbsp;&nbsp;&nbsp;&nbsp; <a class=\"nonblock\" href=\"http:\/\/www.luminor.ee\/\">Luminor<\/a>&nbsp;&nbsp;&nbsp;&nbsp; <a class=\"nonblock\" href=\"https:\/\/www.cooppank.ee\/\">Coop<\/a>&nbsp;&nbsp;&nbsp;&nbsp; <a class=\"nonblock\" href=\"http:\/\/www.lhv.ee\/\">LHV<\/a>&nbsp;&nbsp;&nbsp; <a class=\"nonblock\" href=\"https:\/\/www.eestipank.ee\/valuutakursid\">Valuutakursid<\/a>&nbsp;&nbsp;&nbsp;&nbsp; <a class=\"nonblock\" title=\"Eesti Maksu- ja Tolliamet\" href=\"https:\/\/www.emta.ee\/\">EMTA<\/a><\/p>\n<h3>E-post ja suhtlus<\/h3>\n<p><a class=\"nonblock\" href=\"https:\/\/www.gmail.com\/\">gmail.com<\/a>&nbsp;&nbsp;&nbsp;&nbsp; <a class=\"nonblock\" href=\"https:\/\/www.online.ee\/\">online.ee<\/a>&nbsp;&nbsp;&nbsp;&nbsp; <a class=\"nonblock\" href=\"https:\/\/www.mail.ee\/\">mail.ee<\/a>&nbsp;&nbsp;&nbsp;&nbsp; <a class=\"nonblock\" href=\"http:\/\/live.com\">live.com<\/a>&nbsp;&nbsp;&nbsp; <a class=\"nonblock\" href=\"https:\/\/www.office.com\">office.com<\/a>&nbsp;&nbsp;&nbsp;&nbsp; <a class=\"nonblock\" href=\"https:\/\/www.facebook.com\">Facebook<\/a><\/p>\n<h3>Uudised ja meelelahutus<\/h3>\n<p><a href=\"http:\/\/www.postimees.ee\/\">Postimees<\/a>&nbsp;&nbsp;&nbsp;&nbsp; <a href=\"http:\/\/www.delfi.ee\/\">Delfi<\/a>&nbsp;&nbsp;&nbsp;&nbsp; <a href=\"http:\/\/www.err.ee\/\">ERR<\/a>&nbsp;&nbsp;&nbsp;&nbsp; <a class=\"nonblock\" href=\"https:\/\/novaator.err.ee\">Novaator<\/a>&nbsp; &nbsp;&nbsp; <a href=\"http:\/\/www.hs.fi\/\">HS<\/a> &nbsp; &nbsp; <a href=\"http:\/\/www.bbc.com\/\">BBC<\/a>&nbsp;&nbsp;&nbsp;&nbsp; <a class=\"nonblock\" href=\"https:\/\/www.youtube.com\/\">Youtube<\/a><\/p>\n<h3>Eesti e-teenused<\/h3>\n<p><a href=\"https:\/\/www.eesti.ee\/\">eesti.ee<\/a> &nbsp; &nbsp;&nbsp;<a href=\"https:\/\/www.eesti.ee\/est\/teenused\/kodanik\/tervis_ja_tervisekaitse\/retseptid_1\">Ravimiretseptid<\/a> &nbsp; &nbsp; <a href=\"https:\/\/www.digilugu.ee\/login\">Tervise infos\u00fcsteem<\/a> &nbsp; &nbsp; <a href=\"http:\/\/www.riigiteataja.ee\/\">Riigi Teataja<\/a><br \/>\n<a href=\"https:\/\/www.ekool.eu\/\">e-Kool<\/a>&nbsp;&nbsp;&nbsp;&nbsp; <a class=\"nonblock\" href=\"https:\/\/www.ester.ee\/\">Raamatukogus\u00fcsteem ESTER<\/a>&nbsp;&nbsp;&nbsp;&nbsp;&nbsp; <a class=\"nonblock\" href=\"https:\/\/www.emta.ee\/\">Maksu- ja Tolliamet<\/a><\/p>\n<h3>T\u00f5lge ja \u00f5igekiri<\/h3>\n<p><a href=\"http:\/\/www.eki.ee\/dict\/ies\/\">inglise-eesti<\/a>&nbsp;&nbsp;&nbsp;&nbsp; <a title=\"Eesti Keele Instituudi aastal 2000 v\u00e4lja antud kahek\u00f6itelise 74000 m\u00e4rks\u00f5naga s\u00f5nastiku veebiversioon\" href=\"http:\/\/portaal.eki.ee\/dict\/ves\/\">vene-eesti<\/a>&nbsp;&nbsp;&nbsp;&nbsp; <a title=\"Mahukaim soome-eesti s\u00f5naraamat, sisaldab \u00fchtekokku \u00fcle 90 000 m\u00e4rks\u00f5na, rohkelt n\u00e4iteid koos t\u00f5lgetega, eritermineid ja k\u00f5nekeele v\u00e4ljendeid. Valminud Soome kodumaiste keelte keskuse ja Eesti Keele Instituudi \u00fchist\u00f6\u00f6na, veebis avaldatud Soome Vabariigi 100 aastap\u00e4evaks.\" href=\"http:\/\/www.eki.ee\/dict\/soome\/\">soome-eesti<\/a>&nbsp;&nbsp;&nbsp;&nbsp;&nbsp;&nbsp; <a class=\"nonblock\" title=\"Google translate'ga on m\u00f5ttekas t\u00f5lkida s\u00f5nahaaval, mitte fraaside ega lausetena!\" href=\"http:\/\/translate.google.com\/\">Google translate<\/a><br \/>\n<a href=\"http:\/\/www.eki.ee\/dict\/ies\/index.cgi?Q=&amp;F=V&amp;C06=et\">eesti-inglise<\/a>&nbsp;&nbsp;&nbsp;&nbsp; <a href=\"http:\/\/portaal.eki.ee\/dict\/evs\/\">eesti-vene<\/a>&nbsp;&nbsp;&nbsp;&nbsp; <a href=\"http:\/\/www.eki.ee\/dict\/soome\/\">eesti-soome<\/a>&nbsp;&nbsp;&nbsp;&nbsp;&nbsp;&nbsp; <a class=\"nonblock\" title=\"Abiks neile, kel aeg-ajalt on vaja vene keeles kirjutada, kuid klaviatuurile vene t\u00e4hti m\u00e4rgitud pole\" href=\"http:\/\/translit.net\/\">vene keel eesti klaviatuuriga<\/a><\/p>\n<p><a href=\"http:\/\/www.eki.ee\/books\/ekk09\/index.php?p=2\">Eesti keele k\u00e4siraamat<\/a>&nbsp;&nbsp;&nbsp;&nbsp; <a href=\"http:\/\/www.eki.ee\/dict\/qs\/\">\u00d5igekeelsuss\u00f5naraamat<\/a> &nbsp; &nbsp; <a href=\"http:\/\/www.eki.ee\/dict\/vsl\/\">V\u00f5\u00f5rs\u00f5nade leksikon<\/a><br \/>\n<a title=\"Inglise keele seletavate s\u00f5nastike klassika, h\u00e4\u00e4ldused nii UK kui ka US English\" href=\"http:\/\/www.oxfordlearnersdictionaries.com\/\">Oxford Advanced Learners Dictionary<\/a> &nbsp;&nbsp;&nbsp; <a href=\"https:\/\/en.oxforddictionaries.com\/\">Oxford English<\/a>&nbsp;&nbsp;&nbsp;&nbsp; <a href=\"http:\/\/www.collinsdictionary.com\/\">Collins Dictionary<\/a><\/div><\/div><\/div><style type=\"text\/css\" scoped=\"scoped\">\n\t\t\t\t\t\t.fusion-content-boxes-1 .fusion-content-box-hover .heading-link:hover .icon i.circle-yes,\n\t\t\t\t\t\t.fusion-content-boxes-1 .fusion-content-box-hover .link-area-box:hover .heading-link .icon i.circle-yes,\n\t\t\t\t\t\t.fusion-content-boxes-1 .fusion-content-box-hover .link-area-link-icon-hover .heading .icon i.circle-yes,\n\t\t\t\t\t\t.fusion-content-boxes-1 .fusion-content-box-hover .link-area-box-hover .heading .icon i.circle-yes {\n\t\t\t\t\t\t\tbackground-color: #a0ce4e !important;\n\t\t\t\t\t\t\tborder-color: #a0ce4e !important;\n\t\t\t\t\t\t}<\/style><div class=\"fusion-clearfix\"><\/div><\/div><div class=\"fusion-clearfix\"><\/div>\r\n\r\n\t\t\t\t\t<\/div>\r\n\t\t\t\t<\/div><div  class=\"fusion-layout-column fusion_builder_column fusion_builder_column_1_2  fusion-one-half fusion-column-last 1_2\"  style='margin-top:0px;margin-bottom:0px;width:50%;width:calc(50% - ( ( 4% ) * 0.5 ) );'>\r\n\t\t\t\t\t<div class=\"fusion-column-wrapper\" style=\"padding: 0px 0px 0px 0px;background-position:left top;background-repeat:no-repeat;-webkit-background-size:cover;-moz-background-size:cover;-o-background-size:cover;background-size:cover;\"   data-bg-url=\"\">\r\n\t\t\t\t\t\t<div class=\"fusion-content-boxes content-boxes columns row fusion-columns-2 fusion-columns-total-2 fusion-content-boxes-2 content-boxes-clean-horizontal content-left content-boxes-icon-on-side\" data-animationOffset=\"100%\" style=\"margin-top:00px;margin-bottom:0px;\"><style type=\"text\/css\" scoped=\"scoped\">.fusion-content-boxes-2 .heading .content-box-heading {color:#333333;}\n\t\t\t\t\t.fusion-content-boxes-2 .fusion-content-box-hover .link-area-link-icon-hover .heading .content-box-heading,\n\t\t\t\t\t.fusion-content-boxes-2 .fusion-content-box-hover .link-area-link-icon-hover .heading .heading-link .content-box-heading,\n\t\t\t\t\t.fusion-content-boxes-2 .fusion-content-box-hover .link-area-box-hover .heading .content-box-heading,\n\t\t\t\t\t.fusion-content-boxes-2 .fusion-content-box-hover .link-area-box-hover .heading .heading-link .content-box-heading,\n\t\t\t\t\t.fusion-content-boxes-2 .fusion-content-box-hover .link-area-link-icon-hover.link-area-box .fusion-read-more,\n\t\t\t\t\t.fusion-content-boxes-2 .fusion-content-box-hover .link-area-link-icon-hover.link-area-box .fusion-read-more::after,\n\t\t\t\t\t.fusion-content-boxes-2 .fusion-content-box-hover .link-area-link-icon-hover.link-area-box .fusion-read-more::before,\n\t\t\t\t\t.fusion-content-boxes-2 .fusion-content-box-hover .fusion-read-more:hover:after,\n\t\t\t\t\t.fusion-content-boxes-2 .fusion-content-box-hover .fusion-read-more:hover:before,\n\t\t\t\t\t.fusion-content-boxes-2 .fusion-content-box-hover .fusion-read-more:hover,\n\t\t\t\t\t.fusion-content-boxes-2 .fusion-content-box-hover .link-area-box-hover.link-area-box .fusion-read-more,\n\t\t\t\t\t.fusion-content-boxes-2 .fusion-content-box-hover .link-area-box-hover.link-area-box .fusion-read-more::after,\n\t\t\t\t\t.fusion-content-boxes-2 .fusion-content-box-hover .link-area-box-hover.link-area-box .fusion-read-more::before,\n\t\t\t\t\t.fusion-content-boxes-2 .fusion-content-box-hover .link-area-link-icon-hover .icon .circle-no,\n\t\t\t\t\t.fusion-content-boxes-2 .heading .heading-link:hover .content-box-heading {\n\t\t\t\t\t\tcolor: #a0ce4e;\n\t\t\t\t\t}\n\t\t\t\t\t.fusion-content-boxes-2 .fusion-content-box-hover .link-area-box-hover .icon .circle-no {\n\t\t\t\t\t\tcolor: #a0ce4e !important;\n\t\t\t\t\t}.fusion-content-boxes-2 .fusion-content-box-hover .link-area-box.link-area-box-hover .fusion-content-box-button {background: #aad75b;color: #638e1a;background-image: -webkit-gradient( linear, left bottom, left top, from( #d1e990 ), to( #aad75b ) );background-image: linear-gradient( to top, #d1e990, #aad75b )}.fusion-content-boxes-2 .fusion-content-box-hover .link-area-box.link-area-box-hover .fusion-content-box-button .fusion-button-text {color: #638e1a;}\n\t\t\t\t\t.fusion-content-boxes-2 .fusion-content-box-hover .link-area-link-icon-hover .heading .icon > span {\n\t\t\t\t\t\tbackground-color: #a0ce4e !important;\n\t\t\t\t\t}\n\t\t\t\t\t.fusion-content-boxes-2 .fusion-content-box-hover .link-area-box-hover .heading .icon > span {\n\t\t\t\t\t\tborder-color: #a0ce4e !important;\n\t\t\t\t\t}<\/style><div style=\"border-color:rgba(255,255,255,0);\" class=\"fusion-column content-box-column content-box-column content-box-column-1 col-lg-6 col-md-6 col-sm-6 fusion-content-box-hover  content-box-column-first-in-row\"><div class=\"col content-wrapper link-area-link-icon link-type-text icon-hover-animation-fade\" style=\"background-color:rgba(255,255,255,0);\" data-animationOffset=\"100%\"><div class=\"heading icon-left\"><a class=\"heading-link\" href=\"http:\/\/www2.tsa.ee\/18122018\/ilm\" target=\"_self\"><h2 class=\"content-box-heading\" style=\"font-size:18px;line-height:23px;\">Ilmalingid<\/h2><\/a><\/div><div class=\"fusion-clearfix\"><\/div><div class=\"content-container\" style=\"color:#747474;\"><a href=\"http:\/\/www.ilmateenistus.ee\/ilm\/ilmavaatlused\/vaatlusandmed\/\">\u00b7&nbsp;Hetkeilm ja tagasivaated<\/a><br \/>\n<a href=\"http:\/\/www.ilmateenistus.ee\/ilm\/prognoosid\/4-oopaeva-prognoos\/\">\u00b7&nbsp;<\/a><a href=\"http:\/\/www.ilmateenistus.ee\/ilm\/prognoosid\/4-oopaeva-prognoos\/\">4 \u00f6\u00f6p\u00e4eva ilmaprognoos<\/a><br \/>\n<a href=\"http:\/\/www.ilmateenistus.ee\/ilm\/prognoosid\/mudelprognoosid\/euroopa\/#layers\/temp2mv2,presmslp,presmslv\">\u00b7&nbsp;<\/a><a href=\"http:\/\/www.ilmateenistus.ee\/ilm\/prognoosid\/mudelprognoosid\/euroopa\/#layers\/temp2mv2,presmslp,presmslv\">HIRLAM mudelprognoos temperatuur<\/a><br \/>\n<a href=\"http:\/\/www.ilmateenistus.ee\/ilm\/ilmavaatlused\/sademed\/\">\u00b7 <\/a><a href=\"http:\/\/www.ilmateenistus.ee\/ilm\/ilmavaatlused\/sademed\/\">Lumikatte paksus<\/a>&nbsp;&nbsp;&nbsp;&nbsp;&nbsp;<br \/>\n<a href=\"http:\/\/www.ilmateenistus.ee\/meri\/jaakaart\/\">\u00b7&nbsp;<\/a><a href=\"http:\/\/www.ilmateenistus.ee\/meri\/jaakaart\/\">J\u00e4\u00e4kaart<\/a><\/p>\n<p><a href=\"https:\/\/www.yr.no\/place\/Estonia\/Harjumaa\/Tallinn\/hour_by_hour.html\">yr.no prognoos<\/a><\/p>\n<p><a href=\"https:\/\/earth.nullschool.net\/#current\/wind\/surface\/level\/overlay=temp\/orthographic=21.07,46.92,403\/loc=3.571,58.119\">earth.nullschool.net<\/a><\/p>\n<\/div><div class=\"fusion-clearfix\"><\/div><a class=\"fusion-read-more\" style=\"margin-left:20px;\" href=\"http:\/\/www2.tsa.ee\/18122018\/ilm\" target=\"_self\">Ilmast t\u00e4psemalt<\/a><div class=\"fusion-clearfix\"><\/div><\/div><\/div><div style=\"border-color:rgba(255,255,255,0);\" class=\"fusion-column content-box-column content-box-column content-box-column-2 col-lg-6 col-md-6 col-sm-6 fusion-content-box-hover  content-box-column-last\"><div class=\"col content-wrapper link-area-link-icon icon-hover-animation-fade\" style=\"background-color:rgba(255,255,255,0);\" data-animationOffset=\"100%\"><div class=\"heading icon-left\"><h2 class=\"content-box-heading\" style=\"font-size:18px;line-height:23px;\">Hetkeilm<\/h2><\/div><div class=\"fusion-clearfix\"><\/div><div class=\"content-container\" style=\"color:#747474;\">\n<p><iframe loading=\"lazy\" src=\"http:\/\/www.ilmateenistus.ee\/ilma_andmed\/ticker\/vaatlused-html.php?jaam=14&amp;stiil=1\" scrolling=\"no\" width=\"138\" height=\"180\" frameborder=\"0\"><\/iframe><\/p>\n<\/div><\/div><\/div><style type=\"text\/css\" scoped=\"scoped\">\n\t\t\t\t\t\t.fusion-content-boxes-2 .fusion-content-box-hover .heading-link:hover .icon i.circle-yes,\n\t\t\t\t\t\t.fusion-content-boxes-2 .fusion-content-box-hover .link-area-box:hover .heading-link .icon i.circle-yes,\n\t\t\t\t\t\t.fusion-content-boxes-2 .fusion-content-box-hover .link-area-link-icon-hover .heading .icon i.circle-yes,\n\t\t\t\t\t\t.fusion-content-boxes-2 .fusion-content-box-hover .link-area-box-hover .heading .icon i.circle-yes {\n\t\t\t\t\t\t\tbackground-color: #a0ce4e !important;\n\t\t\t\t\t\t\tborder-color: #a0ce4e !important;\n\t\t\t\t\t\t}<\/style><div class=\"fusion-clearfix\"><\/div><\/div><div class=\"fusion-clearfix\"><\/div>\r\n\r\n\t\t\t\t\t<\/div>\r\n\t\t\t\t<\/div><\/div><\/div>\n","protected":false},"excerpt":{"rendered":"","protected":false},"author":1,"featured_media":0,"parent":0,"menu_order":0,"comment_status":"closed","ping_status":"closed","template":"","meta":{"footnotes":""},"class_list":["post-6","page","type-page","status-publish","hentry"],"_links":{"self":[{"href":"https:\/\/www2.tsa.ee\/18122018\/wp-json\/wp\/v2\/pages\/6","targetHints":{"allow":["GET"]}}],"collection":[{"href":"https:\/\/www2.tsa.ee\/18122018\/wp-json\/wp\/v2\/pages"}],"about":[{"href":"https:\/\/www2.tsa.ee\/18122018\/wp-json\/wp\/v2\/types\/page"}],"author":[{"embeddable":true,"href":"https:\/\/www2.tsa.ee\/18122018\/wp-json\/wp\/v2\/users\/1"}],"replies":[{"embeddable":true,"href":"https:\/\/www2.tsa.ee\/18122018\/wp-json\/wp\/v2\/comments?post=6"}],"version-history":[{"count":79,"href":"https:\/\/www2.tsa.ee\/18122018\/wp-json\/wp\/v2\/pages\/6\/revisions"}],"predecessor-version":[{"id":120,"href":"https:\/\/www2.tsa.ee\/18122018\/wp-json\/wp\/v2\/pages\/6\/revisions\/120"}],"wp:attachment":[{"href":"https:\/\/www2.tsa.ee\/18122018\/wp-json\/wp\/v2\/media?parent=6"}],"curies":[{"name":"wp","href":"https:\/\/api.w.org\/{rel}","templated":true}]}}