{"id":149,"date":"2019-01-31T14:51:33","date_gmt":"2019-01-31T14:51:33","guid":{"rendered":"http:\/\/www2.tsa.ee\/18122018\/?page_id=149"},"modified":"2019-02-17T23:25:40","modified_gmt":"2019-02-17T23:25:40","slug":"ilm3a","status":"publish","type":"page","link":"https:\/\/www2.tsa.ee\/18122018\/ilm3a\/","title":{"rendered":"Ilm3a"},"content":{"rendered":"<p><div class=\"fusion-fullwidth fullwidth-box nonhundred-percent-fullwidth non-hundred-percent-height-scrolling\"  style='background-color: rgba(255,255,255,0);background-position: center center;background-repeat: no-repeat;padding-top:0px;padding-right:0px;padding-bottom:0px;padding-left:0px;'><div class=\"fusion-builder-row fusion-row \"><div  class=\"fusion-layout-column fusion_builder_column fusion_builder_column_1_3  fusion-one-third fusion-column-first 1_3\"  style='margin-top:0px;margin-bottom:20px;width:33.33%;width:calc(33.33% - ( ( 4% + 4% ) * 0.3333 ) );margin-right: 4%;'>\r\n\t\t\t\t\t<div class=\"fusion-column-wrapper\" style=\"padding: 0px 0px 0px 0px;background-position:left top;background-repeat:no-repeat;-webkit-background-size:cover;-moz-background-size:cover;-o-background-size:cover;background-size:cover;\"   data-bg-url=\"\">\r\n\t\t\t\t\t\t<div class=\"fusion-content-boxes content-boxes columns row fusion-columns-1 fusion-columns-total-1 fusion-content-boxes-1 content-boxes-icon-with-title content-left\" data-animationOffset=\"100%\" style=\"margin-top:0px;margin-bottom:60px;\"><style type=\"text\/css\" scoped=\"scoped\">.fusion-content-boxes-1 .heading .content-box-heading {color:#333333;}\n\t\t\t\t\t.fusion-content-boxes-1 .fusion-content-box-hover .link-area-link-icon-hover .heading .content-box-heading,\n\t\t\t\t\t.fusion-content-boxes-1 .fusion-content-box-hover .link-area-link-icon-hover .heading .heading-link .content-box-heading,\n\t\t\t\t\t.fusion-content-boxes-1 .fusion-content-box-hover .link-area-box-hover .heading .content-box-heading,\n\t\t\t\t\t.fusion-content-boxes-1 .fusion-content-box-hover .link-area-box-hover .heading .heading-link .content-box-heading,\n\t\t\t\t\t.fusion-content-boxes-1 .fusion-content-box-hover .link-area-link-icon-hover.link-area-box .fusion-read-more,\n\t\t\t\t\t.fusion-content-boxes-1 .fusion-content-box-hover .link-area-link-icon-hover.link-area-box .fusion-read-more::after,\n\t\t\t\t\t.fusion-content-boxes-1 .fusion-content-box-hover .link-area-link-icon-hover.link-area-box .fusion-read-more::before,\n\t\t\t\t\t.fusion-content-boxes-1 .fusion-content-box-hover .fusion-read-more:hover:after,\n\t\t\t\t\t.fusion-content-boxes-1 .fusion-content-box-hover .fusion-read-more:hover:before,\n\t\t\t\t\t.fusion-content-boxes-1 .fusion-content-box-hover .fusion-read-more:hover,\n\t\t\t\t\t.fusion-content-boxes-1 .fusion-content-box-hover .link-area-box-hover.link-area-box .fusion-read-more,\n\t\t\t\t\t.fusion-content-boxes-1 .fusion-content-box-hover .link-area-box-hover.link-area-box .fusion-read-more::after,\n\t\t\t\t\t.fusion-content-boxes-1 .fusion-content-box-hover .link-area-box-hover.link-area-box .fusion-read-more::before,\n\t\t\t\t\t.fusion-content-boxes-1 .fusion-content-box-hover .link-area-link-icon-hover .icon .circle-no,\n\t\t\t\t\t.fusion-content-boxes-1 .heading .heading-link:hover .content-box-heading {\n\t\t\t\t\t\tcolor: #a0ce4e;\n\t\t\t\t\t}\n\t\t\t\t\t.fusion-content-boxes-1 .fusion-content-box-hover .link-area-box-hover .icon .circle-no {\n\t\t\t\t\t\tcolor: #a0ce4e !important;\n\t\t\t\t\t}.fusion-content-boxes-1 .fusion-content-box-hover .link-area-box.link-area-box-hover .fusion-content-box-button {background: #aad75b;color: #638e1a;background-image: -webkit-gradient( linear, left bottom, left top, from( #d1e990 ), to( #aad75b ) );background-image: linear-gradient( to top, #d1e990, #aad75b )}.fusion-content-boxes-1 .fusion-content-box-hover .link-area-box.link-area-box-hover .fusion-content-box-button .fusion-button-text {color: #638e1a;}\n\t\t\t\t\t.fusion-content-boxes-1 .fusion-content-box-hover .link-area-link-icon-hover .heading .icon > span {\n\t\t\t\t\t\tbackground-color: #a0ce4e !important;\n\t\t\t\t\t}\n\t\t\t\t\t.fusion-content-boxes-1 .fusion-content-box-hover .link-area-box-hover .heading .icon > span {\n\t\t\t\t\t\tborder-color: #a0ce4e !important;\n\t\t\t\t\t}<\/style><div class=\"fusion-column content-box-column content-box-column content-box-column-1 col-lg-12 col-md-12 col-sm-12 fusion-content-box-hover  content-box-column-last\"><div class=\"col content-wrapper link-area-link-icon icon-hover-animation-fade\" style=\"background-color:rgba(255,255,255,0);\" data-animationOffset=\"100%\"><div class=\"heading icon-left\"><h2 class=\"content-box-heading\" style=\"font-size:18px;line-height:23px;\">Your Content Goes Here<\/h2><\/div><div class=\"fusion-clearfix\"><\/div><div class=\"content-container\" style=\"color:#747474;\">Eesti Ilmateenistuse andmed ja prognoosid:<\/p>\n<p><strong><a href=\"http:\/\/www.ilmateenistus.ee\/ilm\/ilmavaatlused\/vaatlusandmed\/\">Hetkeilm ja tagasivaated<\/a> <a href=\"http:\/\/www.ilmateenistus.ee\/ilm\/prognoosid\/4-oopaeva-prognoos\/\">4 \u00f6\u00f6p\u00e4eva ilmaprognoos<\/a><\/strong> <a href=\"http:\/\/www.ilmateenistus.ee\/ilm\/prognoosid\/nadala-ja-kuuprognoos\/nadalaprognoos\/\">N\u00e4dalaprognoos<\/a><\/p>\n<p><a href=\"http:\/\/www.ilmateenistus.ee\/ilm\/prognoosid\/mudelprognoosid\/euroopa\/#layers\/temp2mv2,presmslp,presmslv\">HIRLAM mudelprognoos temperatuur<\/a> <a href=\"http:\/\/www.ilmateenistus.ee\/ilm\/prognoosid\/mudelprognoosid\/euroopa\/#layers\/tuul10ms,tuul10mb,presmslp,presmslv\">HIRLAM mudelprognoos tuul<\/a><\/p>\n<p><a href=\"http:\/\/www.ilmateenistus.ee\/ilm\/ilmavaatlused\/sademed\/\">Lumikate ja sademed<\/a> <a href=\"http:\/\/www.ilmateenistus.ee\/ilm\/ilmavaatlused\/radaripildid\/komposiitpilt\/\">Ilmaradar<\/a><\/p>\n<p><a href=\"http:\/\/www.ilmateenistus.ee\/siseveed\/vaatlusandmed\/kaart\/\">Veetemperatuurid siseveekogudel<\/a> <a href=\"http:\/\/www.ilmateenistus.ee\/meri\/vaatlusandmed\/kogu-rannik\/kaart\/\">Merevee temperatuurid<\/a> <a href=\"http:\/\/www.ilmateenistus.ee\/meri\/jaakaart\/\">J\u00e4\u00e4kaart<\/a><\/p>\n<p>Ilmaolud Maanteeameti teeilmajaamade ja teekaamerate vahendusel: <a href=\"https:\/\/tarktee.mnt.ee\/#\">https:\/\/tarktee.mnt.ee\/#<\/a><\/p>\n<p>YR.NO (Norra ilmateenistuse prognoosid)<\/p>\n<p><strong>48 tundi<\/strong> <a href=\"https:\/\/www.yr.no\/place\/Estonia\/Harjumaa\/Tallinn\/hour_by_hour.html\">Tallinn<\/a> <a href=\"https:\/\/www.yr.no\/place\/Estonia\/Tartumaa\/Tartu\/hour_by_hour.html\">Tartu<\/a> <a href=\"https:\/\/www.yr.no\/place\/Estonia\/Ida-Virumaa\/Narva\/hour_by_hour.html\">Narva<\/a> <a href=\"https:\/\/www.yr.no\/place\/Estonia\/J\u00e4rvamaa\/T\u00fcri\/hour_by_hour.html\">T\u00fcri<\/a> <a href=\"https:\/\/www.yr.no\/place\/Estonia\/V\u00f5rumaa\/V\u00f5ru\/hour_by_hour.html\">V\u00f5ru<\/a> <a href=\"https:\/\/www.yr.no\/place\/Estonia\/P\u00e4rnumaa\/P\u00e4rnu\/hour_by_hour.html\">P\u00e4rnu<\/a> <a href=\"https:\/\/www.yr.no\/place\/Estonia\/Saaremaa\/Kuressaare\/hour_by_hour.html\">Kuressaare<\/a><\/p>\n<p><strong>10 p\u00e4eva <\/strong> <a href=\"https:\/\/www.yr.no\/place\/Estonia\/Harjumaa\/Tallinn\/long.html\">Tallinn<\/a> <a href=\"https:\/\/www.yr.no\/place\/Estonia\/Tartumaa\/Tartu\/long.html\">Tartu<\/a> <a href=\"https:\/\/www.yr.no\/place\/Estonia\/Ida-Virumaa\/Narva\/long.html\">Narva<\/a> <a href=\"https:\/\/www.yr.no\/place\/Estonia\/J\u00e4rvamaa\/T\u00fcri\/long.html\">T\u00fcri<\/a> <a href=\"https:\/\/www.yr.no\/place\/Estonia\/V\u00f5rumaa\/V\u00f5ru\/long.html\">V\u00f5ru<\/a> <a href=\"https:\/\/www.yr.no\/place\/Estonia\/P\u00e4rnumaa\/P\u00e4rnu\/long.html\">P\u00e4rnu<\/a> <a href=\"https:\/\/www.yr.no\/place\/Estonia\/Saaremaa\/Kuressaare\/long.html\">Kuressaare<\/a><\/p>\n<p>Hetkeilm l\u00e4hiriikides (vaatlusandmed)<\/p>\n<p><a href=\"https:\/\/www.yr.no\/observasjonar\/\">Norra\u00a0\u00a0\u00a0\u00a0\u00a0 <\/a> <a href=\"https:\/\/www.smhi.se\/en\/weather\/sweden-weather\/observations\">Rootsi\u00a0\u00a0\u00a0\u00a0\u00a0 <\/a> <a href=\"http:\/\/www.ilmatieteenlaitos.fi\/\">Soome\u00a0\u00a0\u00a0\u00a0\u00a0 <\/a> <a href=\"https:\/\/meteoinfo.ru\/observations\">Venemaa\u00a0\u00a0\u00a0\u00a0\u00a0 <\/a><\/p>\n<p><a href=\"https:\/\/www.meteo.lv\/en\/meteorologijas-operativa-informacija\">L\u00e4ti\u00a0\u00a0\u00a0\u00a0\u00a0 <\/a> <a href=\"http:\/\/www.meteo.lt\/en\/web\/guest\/observed-weather\">Leedu\u00a0\u00a0\u00a0\u00a0\u00a0 <\/a> <a href=\"http:\/\/pogoda.by\/meteoarchive\/\">Valgevene\u00a0\u00a0\u00a0\u00a0\u00a0 <\/a> <a href=\"http:\/\/meteo.gov.ua\/en\/33345\/current\/ukraine\">Ukraina\u00a0\u00a0\u00a0\u00a0\u00a0 <\/a><\/p>\n<p><a href=\"https:\/\/dmi.dk\/seneste-24-timer\/\">Taani\u00a0\u00a0\u00a0\u00a0\u00a0 <\/a> <a href=\"https:\/\/www.dwd.de\/DE\/wetter\/wetter_node.html\">Saksamaa\u00a0\u00a0\u00a0\u00a0\u00a0 <\/a> <a href=\"http:\/\/www.pogodynka.pl\/\">Poola\u00a0\u00a0\u00a0\u00a0\u00a0 <\/a><\/p>\n<p>Hetkeilm Euroopa riikides (vaatlusandmed, t\u00e4hestiku j\u00e4rjekorras)<\/p>\n<p><a href=\"https:\/\/www.zamg.ac.at\/cms\/de\/wetter\/wetterwerte-analysen\">Austria\u00a0\u00a0\u00a0\u00a0\u00a0 <\/a> <a href=\"https:\/\/www.meteo.be\/meteo\/view\/en\/123386-Observations.html\">Belgia\u00a0\u00a0\u00a0\u00a0\u00a0 <\/a> <a href=\"http:\/\/www.meteo.bg\/en\/meteoNow\">Bulgaaria\u00a0\u00a0\u00a0\u00a0\u00a0 <\/a> <a href=\"http:\/\/www.aemet.es\/en\/eltiempo\/observacion\/ultimosdatos\">Hispaania\u00a0\u00a0\u00a0\u00a0\u00a0 <\/a> <a href=\"https:\/\/www.knmi.nl\/nederland-nu\/weer\/waarnemingen\">Holland\u00a0\u00a0\u00a0\u00a0\u00a0 <\/a> <a href=\"http:\/\/meteo.hr\/podaci_e.php?section=podaci_vrijeme&amp;prikaz=abc\">Horvaatia\u00a0\u00a0\u00a0\u00a0\u00a0 <\/a> <a href=\"https:\/\/www.met.ie\/latest-reports\/observations\">Iirimaa\u00a0\u00a0\u00a0\u00a0\u00a0 <\/a> <a href=\"https:\/\/en.vedur.is\/#tab=obs\">Island\u00a0\u00a0\u00a0\u00a0\u00a0 <\/a> <a href=\"http:\/\/www.meteoam.it\/tempo_in_atto\/italia\">Itaalia\u00a0\u00a0\u00a0\u00a0\u00a0 <\/a> <a href=\"http:\/\/www.emy.gr\/emy\/en\/index_html\">Kreeka\u00a0\u00a0\u00a0\u00a0\u00a0 <\/a> <a href=\"https:\/\/www.meteo.lv\/en\/meteorologijas-operativa-informacija\">L\u00e4ti\u00a0\u00a0\u00a0\u00a0\u00a0 <\/a> <a href=\"http:\/\/www.meteo.lt\/en\/web\/guest\/observed-weather\">Leedu\u00a0\u00a0\u00a0\u00a0\u00a0 <\/a> <a href=\"http:\/\/www.meteo.md\/index.php\/en\">Moldova\u00a0\u00a0\u00a0\u00a0\u00a0 <\/a> <a href=\"https:\/\/www.yr.no\/observasjonar\/\">Norra\u00a0\u00a0\u00a0\u00a0\u00a0 <\/a> <a href=\"http:\/\/www.pogodynka.pl\/\">Poola\u00a0\u00a0\u00a0\u00a0\u00a0 <\/a> <a href=\"https:\/\/www.ipma.pt\/en\/otempo\/obs.superficie\/#\">Portugal\u00a0\u00a0\u00a0\u00a0\u00a0 <\/a> <a href=\"https:\/\/www.meteociel.fr\/observations-meteo\/temperatures.php\">Prantsusmaa\u00a0\u00a0\u00a0\u00a0\u00a0 <\/a> <a href=\"https:\/\/www.smhi.se\/en\/weather\/sweden-weather\/observations\">Rootsi\u00a0\u00a0\u00a0\u00a0\u00a0 <\/a> <a href=\"http:\/\/www.meteoromania.ro\/\">Rumeenia\u00a0\u00a0\u00a0\u00a0\u00a0 <\/a> <a href=\"https:\/\/www.dwd.de\/DE\/wetter\/wetter_node.html\">Saksamaa\u00a0\u00a0\u00a0\u00a0\u00a0 <\/a> <a href=\"http:\/\/www.hidmet.gov.rs\/eng\/osmotreni\/index.php\">Serbia\u00a0\u00a0\u00a0\u00a0\u00a0 <\/a> <a href=\"http:\/\/www.shmu.sk\/sk\/?page=1\">Slovakkia\u00a0\u00a0\u00a0\u00a0\u00a0 <\/a> <a href=\"http:\/\/meteo.arso.gov.si\/met\/en\/weather\/observ\/surface\/\">Sloveenia\u00a0\u00a0\u00a0\u00a0\u00a0 <\/a> <a href=\"http:\/\/www.ilmatieteenlaitos.fi\/\">Soome\u00a0\u00a0\u00a0\u00a0\u00a0 <\/a> <a href=\"http:\/\/wow.metoffice.gov.uk\/\">Suurbritannia1\u00a0\u00a0\u00a0\u00a0\u00a0 <\/a> <a href=\"https:\/\/www.meteoswiss.admin.ch\/home\/measurement-values.html?param=messwerte-lufttemperatur-10min\">\u0160veits\u00a0\u00a0\u00a0\u00a0\u00a0 <\/a> <a href=\"https:\/\/dmi.dk\/seneste-24-timer\/\">Taani\u00a0\u00a0\u00a0\u00a0\u00a0 <\/a> <a href=\"http:\/\/portal.chmi.cz\/?l=en\">T\u0161ehhi\u00a0\u00a0\u00a0\u00a0\u00a0 <\/a> <a href=\"http:\/\/meteo.gov.ua\/en\/33345\/current\/ukraine\">Ukraina\u00a0\u00a0\u00a0\u00a0\u00a0 <\/a> <a href=\"http:\/\/www.met.hu\/en\/idojaras\/aktualis_idojaras\/\">Ungari\u00a0\u00a0\u00a0\u00a0\u00a0 <\/a> <a href=\"http:\/\/pogoda.by\/meteoarchive\/\">Valgevene\u00a0\u00a0\u00a0\u00a0\u00a0 <\/a> <a href=\"https:\/\/meteoinfo.ru\/observations\">Venemaa\u00a0\u00a0\u00a0\u00a0\u00a0 <\/a><\/p>\n<p><a href=\"https:\/\/www.meteociel.fr\/observations-meteo\/temperatures.php?archive=1&amp;region=eur2\">Euroopa hetkeilm ja tagasivaated <\/a><br \/>\n<a href=\"https:\/\/www.meteociel.fr\/observations-meteo\/temperatures.php?region=eur2\">Prantsusmaa Euroopa\u00a0\u00a0\u00a0\u00a0\u00a0 <\/a><\/p>\n<p>Ilm mujal<\/p>\n<p>\u00dclevaade kogu maailma ilmast <a href=\"https:\/\/earth.nullschool.net\/#current\/wind\/surface\/level\/overlay=temp\/orthographic=-332.23,32.92,403\">earth.nullschool.net<\/a> (vajutades hiirega kaardil huvipakkuvasse kohta, n\u00e4ete selle koha (ligikaudu) hetke temperatuuri ja tuule kiirust)<\/p>\n<p>Viimase \u00f6\u00f6p\u00e4eva k\u00f5ige-k\u00f5ige: <a href=\"http:\/\/www.meteoinfo.ru\/pogoda-extremums\">http:\/\/www.meteoinfo.ru\/pogoda-extremums<\/a><\/p>\n<\/div><\/div><\/div><style type=\"text\/css\" scoped=\"scoped\">\n\t\t\t\t\t\t.fusion-content-boxes-1 .fusion-content-box-hover .heading-link:hover .icon i.circle-yes,\n\t\t\t\t\t\t.fusion-content-boxes-1 .fusion-content-box-hover .link-area-box:hover .heading-link .icon i.circle-yes,\n\t\t\t\t\t\t.fusion-content-boxes-1 .fusion-content-box-hover .link-area-link-icon-hover .heading .icon i.circle-yes,\n\t\t\t\t\t\t.fusion-content-boxes-1 .fusion-content-box-hover .link-area-box-hover .heading .icon i.circle-yes {\n\t\t\t\t\t\t\tbackground-color: #a0ce4e !important;\n\t\t\t\t\t\t\tborder-color: #a0ce4e !important;\n\t\t\t\t\t\t}<\/style><div class=\"fusion-clearfix\"><\/div><\/div><div class=\"fusion-clearfix\"><\/div>\r\n\r\n\t\t\t\t\t<\/div>\r\n\t\t\t\t<\/div><div  class=\"fusion-layout-column fusion_builder_column fusion_builder_column_1_3  fusion-one-third 1_3\"  style='margin-top:0px;margin-bottom:20px;width:33.33%;width:calc(33.33% - ( ( 4% + 4% ) * 0.3333 ) );margin-right: 4%;'>\r\n\t\t\t\t\t<div class=\"fusion-column-wrapper\" style=\"padding: 0px 0px 0px 0px;background-position:left top;background-repeat:no-repeat;-webkit-background-size:cover;-moz-background-size:cover;-o-background-size:cover;background-size:cover;\"   data-bg-url=\"\">\r\n\t\t\t\t\t\t<div class=\"fusion-content-boxes content-boxes columns row fusion-columns-1 fusion-columns-total-1 fusion-content-boxes-2 content-boxes-icon-with-title content-left\" data-animationOffset=\"100%\" style=\"margin-top:0px;margin-bottom:60px;\"><style type=\"text\/css\" scoped=\"scoped\">.fusion-content-boxes-2 .heading .content-box-heading {color:#333333;}\n\t\t\t\t\t.fusion-content-boxes-2 .fusion-content-box-hover .link-area-link-icon-hover .heading .content-box-heading,\n\t\t\t\t\t.fusion-content-boxes-2 .fusion-content-box-hover .link-area-link-icon-hover .heading .heading-link .content-box-heading,\n\t\t\t\t\t.fusion-content-boxes-2 .fusion-content-box-hover .link-area-box-hover .heading .content-box-heading,\n\t\t\t\t\t.fusion-content-boxes-2 .fusion-content-box-hover .link-area-box-hover .heading .heading-link .content-box-heading,\n\t\t\t\t\t.fusion-content-boxes-2 .fusion-content-box-hover .link-area-link-icon-hover.link-area-box .fusion-read-more,\n\t\t\t\t\t.fusion-content-boxes-2 .fusion-content-box-hover .link-area-link-icon-hover.link-area-box .fusion-read-more::after,\n\t\t\t\t\t.fusion-content-boxes-2 .fusion-content-box-hover .link-area-link-icon-hover.link-area-box .fusion-read-more::before,\n\t\t\t\t\t.fusion-content-boxes-2 .fusion-content-box-hover .fusion-read-more:hover:after,\n\t\t\t\t\t.fusion-content-boxes-2 .fusion-content-box-hover .fusion-read-more:hover:before,\n\t\t\t\t\t.fusion-content-boxes-2 .fusion-content-box-hover .fusion-read-more:hover,\n\t\t\t\t\t.fusion-content-boxes-2 .fusion-content-box-hover .link-area-box-hover.link-area-box .fusion-read-more,\n\t\t\t\t\t.fusion-content-boxes-2 .fusion-content-box-hover .link-area-box-hover.link-area-box .fusion-read-more::after,\n\t\t\t\t\t.fusion-content-boxes-2 .fusion-content-box-hover .link-area-box-hover.link-area-box .fusion-read-more::before,\n\t\t\t\t\t.fusion-content-boxes-2 .fusion-content-box-hover .link-area-link-icon-hover .icon .circle-no,\n\t\t\t\t\t.fusion-content-boxes-2 .heading .heading-link:hover .content-box-heading {\n\t\t\t\t\t\tcolor: #a0ce4e;\n\t\t\t\t\t}\n\t\t\t\t\t.fusion-content-boxes-2 .fusion-content-box-hover .link-area-box-hover .icon .circle-no {\n\t\t\t\t\t\tcolor: #a0ce4e !important;\n\t\t\t\t\t}.fusion-content-boxes-2 .fusion-content-box-hover .link-area-box.link-area-box-hover .fusion-content-box-button {background: #aad75b;color: #638e1a;background-image: -webkit-gradient( linear, left bottom, left top, from( #d1e990 ), to( #aad75b ) );background-image: linear-gradient( to top, #d1e990, #aad75b )}.fusion-content-boxes-2 .fusion-content-box-hover .link-area-box.link-area-box-hover .fusion-content-box-button .fusion-button-text {color: #638e1a;}\n\t\t\t\t\t.fusion-content-boxes-2 .fusion-content-box-hover .link-area-link-icon-hover .heading .icon > span {\n\t\t\t\t\t\tbackground-color: #a0ce4e !important;\n\t\t\t\t\t}\n\t\t\t\t\t.fusion-content-boxes-2 .fusion-content-box-hover .link-area-box-hover .heading .icon > span {\n\t\t\t\t\t\tborder-color: #a0ce4e !important;\n\t\t\t\t\t}<\/style><div class=\"fusion-column content-box-column content-box-column content-box-column-1 col-lg-12 col-md-12 col-sm-12 fusion-content-box-hover  content-box-column-last\"><div class=\"col content-wrapper link-area-link-icon icon-hover-animation-fade\" style=\"background-color:rgba(255,255,255,0);\" data-animationOffset=\"100%\"><div class=\"heading icon-left\"><h2 class=\"content-box-heading\" style=\"font-size:18px;line-height:23px;\">Your Content Goes Here<\/h2><\/div><div class=\"fusion-clearfix\"><\/div><div class=\"content-container\" style=\"color:#747474;\">\n<p><a href=\"https:\/\/meteo.physic.ut.ee\/et\/param.php?pid=14\">P\u00e4ikesekiirguse energia Tartus<\/a><\/p>\n<\/div><\/div><\/div><style type=\"text\/css\" scoped=\"scoped\">\n\t\t\t\t\t\t.fusion-content-boxes-2 .fusion-content-box-hover .heading-link:hover .icon i.circle-yes,\n\t\t\t\t\t\t.fusion-content-boxes-2 .fusion-content-box-hover .link-area-box:hover .heading-link .icon i.circle-yes,\n\t\t\t\t\t\t.fusion-content-boxes-2 .fusion-content-box-hover .link-area-link-icon-hover .heading .icon i.circle-yes,\n\t\t\t\t\t\t.fusion-content-boxes-2 .fusion-content-box-hover .link-area-box-hover .heading .icon i.circle-yes {\n\t\t\t\t\t\t\tbackground-color: #a0ce4e !important;\n\t\t\t\t\t\t\tborder-color: #a0ce4e !important;\n\t\t\t\t\t\t}<\/style><div class=\"fusion-clearfix\"><\/div><\/div><div class=\"fusion-clearfix\"><\/div>\r\n\r\n\t\t\t\t\t<\/div>\r\n\t\t\t\t<\/div><div  class=\"fusion-layout-column fusion_builder_column fusion_builder_column_1_3  fusion-one-third fusion-column-last 1_3\"  style='margin-top:0px;margin-bottom:20px;width:33.33%;width:calc(33.33% - ( ( 4% + 4% ) * 0.3333 ) );'>\r\n\t\t\t\t\t<div class=\"fusion-column-wrapper\" style=\"padding: 0px 0px 0px 0px;background-position:left top;background-repeat:no-repeat;-webkit-background-size:cover;-moz-background-size:cover;-o-background-size:cover;background-size:cover;\"   data-bg-url=\"\">\r\n\t\t\t\t\t\t<div class=\"fusion-clearfix\"><\/div>\r\n\r\n\t\t\t\t\t<\/div>\r\n\t\t\t\t<\/div><\/div><\/div><div class=\"fusion-fullwidth fullwidth-box nonhundred-percent-fullwidth non-hundred-percent-height-scrolling\"  style='background-color: rgba(255,255,255,0);background-position: center center;background-repeat: no-repeat;padding-top:0px;padding-right:0px;padding-bottom:0px;padding-left:0px;'><div class=\"fusion-builder-row fusion-row \"><div  class=\"fusion-layout-column fusion_builder_column fusion_builder_column_1_1  fusion-one-full fusion-column-first fusion-column-last 1_1\"  style='margin-top:0px;margin-bottom:20px;'>\r\n\t\t\t\t\t<div class=\"fusion-column-wrapper\" style=\"padding: 0px 0px 0px 0px;background-position:left top;background-repeat:no-repeat;-webkit-background-size:cover;-moz-background-size:cover;-o-background-size:cover;background-size:cover;\"   data-bg-url=\"\">\r\n\t\t\t\t\t\t<div class=\"fusion-content-boxes content-boxes columns row fusion-columns-1 fusion-columns-total-1 fusion-content-boxes-3 content-boxes-icon-with-title content-left\" data-animationOffset=\"100%\" style=\"margin-top:0px;margin-bottom:60px;\"><style type=\"text\/css\" scoped=\"scoped\">.fusion-content-boxes-3 .heading .content-box-heading {color:#333333;}\n\t\t\t\t\t.fusion-content-boxes-3 .fusion-content-box-hover .link-area-link-icon-hover .heading .content-box-heading,\n\t\t\t\t\t.fusion-content-boxes-3 .fusion-content-box-hover .link-area-link-icon-hover .heading .heading-link .content-box-heading,\n\t\t\t\t\t.fusion-content-boxes-3 .fusion-content-box-hover .link-area-box-hover .heading .content-box-heading,\n\t\t\t\t\t.fusion-content-boxes-3 .fusion-content-box-hover .link-area-box-hover .heading .heading-link .content-box-heading,\n\t\t\t\t\t.fusion-content-boxes-3 .fusion-content-box-hover .link-area-link-icon-hover.link-area-box .fusion-read-more,\n\t\t\t\t\t.fusion-content-boxes-3 .fusion-content-box-hover .link-area-link-icon-hover.link-area-box .fusion-read-more::after,\n\t\t\t\t\t.fusion-content-boxes-3 .fusion-content-box-hover .link-area-link-icon-hover.link-area-box .fusion-read-more::before,\n\t\t\t\t\t.fusion-content-boxes-3 .fusion-content-box-hover .fusion-read-more:hover:after,\n\t\t\t\t\t.fusion-content-boxes-3 .fusion-content-box-hover .fusion-read-more:hover:before,\n\t\t\t\t\t.fusion-content-boxes-3 .fusion-content-box-hover .fusion-read-more:hover,\n\t\t\t\t\t.fusion-content-boxes-3 .fusion-content-box-hover .link-area-box-hover.link-area-box .fusion-read-more,\n\t\t\t\t\t.fusion-content-boxes-3 .fusion-content-box-hover .link-area-box-hover.link-area-box .fusion-read-more::after,\n\t\t\t\t\t.fusion-content-boxes-3 .fusion-content-box-hover .link-area-box-hover.link-area-box .fusion-read-more::before,\n\t\t\t\t\t.fusion-content-boxes-3 .fusion-content-box-hover .link-area-link-icon-hover .icon .circle-no,\n\t\t\t\t\t.fusion-content-boxes-3 .heading .heading-link:hover .content-box-heading {\n\t\t\t\t\t\tcolor: #a0ce4e;\n\t\t\t\t\t}\n\t\t\t\t\t.fusion-content-boxes-3 .fusion-content-box-hover .link-area-box-hover .icon .circle-no {\n\t\t\t\t\t\tcolor: #a0ce4e !important;\n\t\t\t\t\t}.fusion-content-boxes-3 .fusion-content-box-hover .link-area-box.link-area-box-hover .fusion-content-box-button {background: #aad75b;color: #638e1a;background-image: -webkit-gradient( linear, left bottom, left top, from( #d1e990 ), to( #aad75b ) );background-image: linear-gradient( to top, #d1e990, #aad75b )}.fusion-content-boxes-3 .fusion-content-box-hover .link-area-box.link-area-box-hover .fusion-content-box-button .fusion-button-text {color: #638e1a;}\n\t\t\t\t\t.fusion-content-boxes-3 .fusion-content-box-hover .link-area-link-icon-hover .heading .icon > span {\n\t\t\t\t\t\tbackground-color: #a0ce4e !important;\n\t\t\t\t\t}\n\t\t\t\t\t.fusion-content-boxes-3 .fusion-content-box-hover .link-area-box-hover .heading .icon > span {\n\t\t\t\t\t\tborder-color: #a0ce4e !important;\n\t\t\t\t\t}<\/style><div class=\"fusion-column content-box-column content-box-column content-box-column-1 col-lg-12 col-md-12 col-sm-12 fusion-content-box-hover  content-box-column-last\"><div class=\"col content-wrapper link-area-link-icon icon-hover-animation-fade\" style=\"background-color:rgba(255,255,255,0);\" data-animationOffset=\"100%\"><div class=\"heading icon-left\"><h2 class=\"content-box-heading\" style=\"font-size:18px;line-height:23px;\">Your Content Goes Here<\/h2><\/div><div class=\"fusion-clearfix\"><\/div><div class=\"content-container\" style=\"color:#747474;\">Your Content Goes Here<\/div><\/div><\/div><style type=\"text\/css\" scoped=\"scoped\">\n\t\t\t\t\t\t.fusion-content-boxes-3 .fusion-content-box-hover .heading-link:hover .icon i.circle-yes,\n\t\t\t\t\t\t.fusion-content-boxes-3 .fusion-content-box-hover .link-area-box:hover .heading-link .icon i.circle-yes,\n\t\t\t\t\t\t.fusion-content-boxes-3 .fusion-content-box-hover .link-area-link-icon-hover .heading .icon i.circle-yes,\n\t\t\t\t\t\t.fusion-content-boxes-3 .fusion-content-box-hover .link-area-box-hover .heading .icon i.circle-yes {\n\t\t\t\t\t\t\tbackground-color: #a0ce4e !important;\n\t\t\t\t\t\t\tborder-color: #a0ce4e !important;\n\t\t\t\t\t\t}<\/style><div class=\"fusion-clearfix\"><\/div><\/div><div class=\"fusion-clearfix\"><\/div>\r\n\r\n\t\t\t\t\t<\/div>\r\n\t\t\t\t<\/div><\/div><\/div><\/p>\n","protected":false},"excerpt":{"rendered":"","protected":false},"author":1,"featured_media":0,"parent":0,"menu_order":0,"comment_status":"closed","ping_status":"closed","template":"","meta":{"footnotes":""},"class_list":["post-149","page","type-page","status-publish","hentry"],"_links":{"self":[{"href":"https:\/\/www2.tsa.ee\/18122018\/wp-json\/wp\/v2\/pages\/149","targetHints":{"allow":["GET"]}}],"collection":[{"href":"https:\/\/www2.tsa.ee\/18122018\/wp-json\/wp\/v2\/pages"}],"about":[{"href":"https:\/\/www2.tsa.ee\/18122018\/wp-json\/wp\/v2\/types\/page"}],"author":[{"embeddable":true,"href":"https:\/\/www2.tsa.ee\/18122018\/wp-json\/wp\/v2\/users\/1"}],"replies":[{"embeddable":true,"href":"https:\/\/www2.tsa.ee\/18122018\/wp-json\/wp\/v2\/comments?post=149"}],"version-history":[{"count":8,"href":"https:\/\/www2.tsa.ee\/18122018\/wp-json\/wp\/v2\/pages\/149\/revisions"}],"predecessor-version":[{"id":153,"href":"https:\/\/www2.tsa.ee\/18122018\/wp-json\/wp\/v2\/pages\/149\/revisions\/153"}],"wp:attachment":[{"href":"https:\/\/www2.tsa.ee\/18122018\/wp-json\/wp\/v2\/media?parent=149"}],"curies":[{"name":"wp","href":"https:\/\/api.w.org\/{rel}","templated":true}]}}