{"id":144,"date":"2019-01-31T13:43:10","date_gmt":"2019-01-31T13:43:10","guid":{"rendered":"http:\/\/www2.tsa.ee\/18122018\/?page_id=144"},"modified":"2019-02-12T22:58:24","modified_gmt":"2019-02-12T22:58:24","slug":"ilm3","status":"publish","type":"page","link":"https:\/\/www2.tsa.ee\/18122018\/ilm3\/","title":{"rendered":"Ilm3"},"content":{"rendered":"<div class=\"entry-content\">\n<h1>Eesti ilm<\/h1>\n<p>Eesti Ilmateenistuse andmed ja prognoosid:<\/p>\n<p><strong><a href=\"http:\/\/www.ilmateenistus.ee\/ilm\/ilmavaatlused\/vaatlusandmed\/\">Hetkeilm ja tagasivaated<\/a>          <a href=\"http:\/\/www.ilmateenistus.ee\/ilm\/prognoosid\/4-oopaeva-prognoos\/\">4 \u00f6\u00f6p\u00e4eva ilmaprognoos<\/a><\/strong>          <a href=\"http:\/\/www.ilmateenistus.ee\/ilm\/prognoosid\/nadala-ja-kuuprognoos\/nadalaprognoos\/\">N\u00e4dalaprognoos<\/a><\/p>\n<p><a href=\"http:\/\/www.ilmateenistus.ee\/ilm\/prognoosid\/mudelprognoosid\/euroopa\/#layers\/temp2mv2,presmslp,presmslv\">HIRLAM mudelprognoos temperatuur<\/a>          <a href=\"http:\/\/www.ilmateenistus.ee\/ilm\/prognoosid\/mudelprognoosid\/euroopa\/#layers\/tuul10ms,tuul10mb,presmslp,presmslv\">HIRLAM mudelprognoos tuul<\/a><\/p>\n<p><a href=\"http:\/\/www.ilmateenistus.ee\/ilm\/ilmavaatlused\/sademed\/\">Lumikate ja sademed<\/a>          <a href=\"http:\/\/www.ilmateenistus.ee\/ilm\/ilmavaatlused\/radaripildid\/komposiitpilt\/\">Ilmaradar<\/a><\/p>\n<p><a href=\"http:\/\/www.ilmateenistus.ee\/siseveed\/vaatlusandmed\/kaart\/\">Veetemperatuurid siseveekogudel<\/a>          <a href=\"http:\/\/www.ilmateenistus.ee\/meri\/vaatlusandmed\/kogu-rannik\/kaart\/\">Merevee temperatuurid<\/a>          <a href=\"http:\/\/www.ilmateenistus.ee\/meri\/jaakaart\/\">J\u00e4\u00e4kaart<\/a><\/p>\n<p>&nbsp;<\/p>\n<p>Ilmaolud Maanteeameti teeilmajaamade ja teekaamerate vahendusel:  <a href=\"https:\/\/tarktee.mnt.ee\/#\">https:\/\/tarktee.mnt.ee\/#<\/a><\/p>\n<p>&nbsp;<\/p>\n<p>YR.NO (Norra ilmateenistuse prognoosid)<\/p>\n<p><strong>48 tundi<\/strong>          <a href=\"https:\/\/www.yr.no\/place\/Estonia\/Harjumaa\/Tallinn\/hour_by_hour.html\">Tallinn<\/a>       <a href=\"https:\/\/www.yr.no\/place\/Estonia\/Tartumaa\/Tartu\/hour_by_hour.html\">Tartu<\/a>       <a href=\"https:\/\/www.yr.no\/place\/Estonia\/Ida-Virumaa\/Narva\/hour_by_hour.html\">Narva<\/a>       <a href=\"https:\/\/www.yr.no\/place\/Estonia\/J\u00e4rvamaa\/T\u00fcri\/hour_by_hour.html\">T\u00fcri<\/a>       <a href=\"https:\/\/www.yr.no\/place\/Estonia\/V\u00f5rumaa\/V\u00f5ru\/hour_by_hour.html\">V\u00f5ru<\/a>       <a href=\"https:\/\/www.yr.no\/place\/Estonia\/P\u00e4rnumaa\/P\u00e4rnu\/hour_by_hour.html\">P\u00e4rnu<\/a>       <a href=\"https:\/\/www.yr.no\/place\/Estonia\/Saaremaa\/Kuressaare\/hour_by_hour.html\">Kuressaare<\/a><\/p>\n<p><strong>10 p\u00e4eva         <\/strong> <a href=\"https:\/\/www.yr.no\/place\/Estonia\/Harjumaa\/Tallinn\/long.html\">Tallinn<\/a>       <a href=\"https:\/\/www.yr.no\/place\/Estonia\/Tartumaa\/Tartu\/long.html\">Tartu<\/a>       <a href=\"https:\/\/www.yr.no\/place\/Estonia\/Ida-Virumaa\/Narva\/long.html\">Narva<\/a>       <a href=\"https:\/\/www.yr.no\/place\/Estonia\/J\u00e4rvamaa\/T\u00fcri\/long.html\">T\u00fcri<\/a>       <a href=\"https:\/\/www.yr.no\/place\/Estonia\/V\u00f5rumaa\/V\u00f5ru\/long.html\">V\u00f5ru<\/a>       <a href=\"https:\/\/www.yr.no\/place\/Estonia\/P\u00e4rnumaa\/P\u00e4rnu\/long.html\">P\u00e4rnu<\/a>       <a href=\"https:\/\/www.yr.no\/place\/Estonia\/Saaremaa\/Kuressaare\/long.html\">Kuressaare<\/a><\/p>\n<p>&nbsp;<\/p>\n<p>&nbsp;<\/p>\n<p>Hetkeilm l\u00e4hiriikides (vaatlusandmed)<\/p>\n<p><a href=\"https:\/\/www.yr.no\/observasjonar\/\">Norra&nbsp;&nbsp;&nbsp;&nbsp;&nbsp; <\/a> <a href=\"https:\/\/www.smhi.se\/en\/weather\/sweden-weather\/observations\">Rootsi&nbsp;&nbsp;&nbsp;&nbsp;&nbsp; <\/a> <a href=\"http:\/\/www.ilmatieteenlaitos.fi\/\">Soome&nbsp;&nbsp;&nbsp;&nbsp;&nbsp; <\/a> <a href=\"https:\/\/meteoinfo.ru\/observations\">Venemaa&nbsp;&nbsp;&nbsp;&nbsp;&nbsp; <\/a><\/p>\n<p><a href=\"https:\/\/www.meteo.lv\/en\/meteorologijas-operativa-informacija\">L\u00e4ti&nbsp;&nbsp;&nbsp;&nbsp;&nbsp; <\/a> <a href=\"http:\/\/www.meteo.lt\/en\/web\/guest\/observed-weather\">Leedu&nbsp;&nbsp;&nbsp;&nbsp;&nbsp; <\/a> <a href=\"http:\/\/pogoda.by\/meteoarchive\/\">Valgevene&nbsp;&nbsp;&nbsp;&nbsp;&nbsp; <\/a> <a href=\"http:\/\/meteo.gov.ua\/en\/33345\/current\/ukraine\">Ukraina&nbsp;&nbsp;&nbsp;&nbsp;&nbsp; <\/a><\/p>\n<p><a href=\"https:\/\/dmi.dk\/seneste-24-timer\/\">Taani&nbsp;&nbsp;&nbsp;&nbsp;&nbsp; <\/a> <a href=\"https:\/\/www.dwd.de\/DE\/wetter\/wetter_node.html\">Saksamaa&nbsp;&nbsp;&nbsp;&nbsp;&nbsp; <\/a> <a href=\"http:\/\/www.pogodynka.pl\/\">Poola&nbsp;&nbsp;&nbsp;&nbsp;&nbsp; <\/a><\/p>\n<p>Hetkeilm Euroopa riikides (vaatlusandmed, t\u00e4hestiku j\u00e4rjekorras)<\/p>\n<p><a href=\"https:\/\/www.zamg.ac.at\/cms\/de\/wetter\/wetterwerte-analysen\">Austria&nbsp;&nbsp;&nbsp;&nbsp;&nbsp; <\/a> <a href=\"https:\/\/www.meteo.be\/meteo\/view\/en\/123386-Observations.html\">Belgia&nbsp;&nbsp;&nbsp;&nbsp;&nbsp; <\/a> <a href=\"http:\/\/www.meteo.bg\/en\/meteoNow\">Bulgaaria&nbsp;&nbsp;&nbsp;&nbsp;&nbsp; <\/a> <a href=\"http:\/\/www.aemet.es\/en\/eltiempo\/observacion\/ultimosdatos\">Hispaania&nbsp;&nbsp;&nbsp;&nbsp;&nbsp; <\/a> <a href=\"https:\/\/www.knmi.nl\/nederland-nu\/weer\/waarnemingen\">Holland&nbsp;&nbsp;&nbsp;&nbsp;&nbsp; <\/a> <a href=\"http:\/\/meteo.hr\/podaci_e.php?section=podaci_vrijeme&#038;prikaz=abc\">Horvaatia&nbsp;&nbsp;&nbsp;&nbsp;&nbsp; <\/a> <a href=\"https:\/\/www.met.ie\/latest-reports\/observations\">Iirimaa&nbsp;&nbsp;&nbsp;&nbsp;&nbsp; <\/a> <a href=\"https:\/\/en.vedur.is\/#tab=obs\">Island&nbsp;&nbsp;&nbsp;&nbsp;&nbsp; <\/a> <a href=\"http:\/\/www.meteoam.it\/tempo_in_atto\/italia\">Itaalia&nbsp;&nbsp;&nbsp;&nbsp;&nbsp; <\/a> <a href=\"http:\/\/www.emy.gr\/emy\/en\/index_html\">Kreeka&nbsp;&nbsp;&nbsp;&nbsp;&nbsp; <\/a> <a href=\"https:\/\/www.meteo.lv\/en\/meteorologijas-operativa-informacija\">L\u00e4ti&nbsp;&nbsp;&nbsp;&nbsp;&nbsp; <\/a> <a href=\"http:\/\/www.meteo.lt\/en\/web\/guest\/observed-weather\">Leedu&nbsp;&nbsp;&nbsp;&nbsp;&nbsp; <\/a> <a href=\"http:\/\/www.meteo.md\/index.php\/en\">Moldova&nbsp;&nbsp;&nbsp;&nbsp;&nbsp; <\/a> <a href=\"https:\/\/www.yr.no\/observasjonar\/\">Norra&nbsp;&nbsp;&nbsp;&nbsp;&nbsp; <\/a> <a href=\"http:\/\/www.pogodynka.pl\/\">Poola&nbsp;&nbsp;&nbsp;&nbsp;&nbsp; <\/a> <a href=\"https:\/\/www.ipma.pt\/en\/otempo\/obs.superficie\/#\">Portugal&nbsp;&nbsp;&nbsp;&nbsp;&nbsp; <\/a> <a href=\"https:\/\/www.meteociel.fr\/observations-meteo\/temperatures.php\">Prantsusmaa&nbsp;&nbsp;&nbsp;&nbsp;&nbsp; <\/a> <a href=\"https:\/\/www.smhi.se\/en\/weather\/sweden-weather\/observations\">Rootsi&nbsp;&nbsp;&nbsp;&nbsp;&nbsp; <\/a> <a href=\"http:\/\/www.meteoromania.ro\/\">Rumeenia&nbsp;&nbsp;&nbsp;&nbsp;&nbsp; <\/a> <a href=\"https:\/\/www.dwd.de\/DE\/wetter\/wetter_node.html\">Saksamaa&nbsp;&nbsp;&nbsp;&nbsp;&nbsp; <\/a> <a href=\"http:\/\/www.hidmet.gov.rs\/eng\/osmotreni\/index.php\">Serbia&nbsp;&nbsp;&nbsp;&nbsp;&nbsp; <\/a> <a href=\"http:\/\/www.shmu.sk\/sk\/?page=1\">Slovakkia&nbsp;&nbsp;&nbsp;&nbsp;&nbsp; <\/a> <a href=\"http:\/\/meteo.arso.gov.si\/met\/en\/weather\/observ\/surface\/\">Sloveenia&nbsp;&nbsp;&nbsp;&nbsp;&nbsp; <\/a> <a href=\"http:\/\/www.ilmatieteenlaitos.fi\/\">Soome&nbsp;&nbsp;&nbsp;&nbsp;&nbsp; <\/a> <a href=\"http:\/\/wow.metoffice.gov.uk\/\">Suurbritannia1&nbsp;&nbsp;&nbsp;&nbsp;&nbsp; <\/a> <a href=\"https:\/\/www.meteoswiss.admin.ch\/home\/measurement-values.html?param=messwerte-lufttemperatur-10min\">\u0160veits&nbsp;&nbsp;&nbsp;&nbsp;&nbsp; <\/a> <a href=\"https:\/\/dmi.dk\/seneste-24-timer\/\">Taani&nbsp;&nbsp;&nbsp;&nbsp;&nbsp; <\/a> <a href=\"http:\/\/portal.chmi.cz\/?l=en\">T\u0161ehhi&nbsp;&nbsp;&nbsp;&nbsp;&nbsp; <\/a> <a href=\"http:\/\/meteo.gov.ua\/en\/33345\/current\/ukraine\">Ukraina&nbsp;&nbsp;&nbsp;&nbsp;&nbsp; <\/a> <a href=\"http:\/\/www.met.hu\/en\/idojaras\/aktualis_idojaras\/\">Ungari&nbsp;&nbsp;&nbsp;&nbsp;&nbsp; <\/a> <a href=\"http:\/\/pogoda.by\/meteoarchive\/\">Valgevene&nbsp;&nbsp;&nbsp;&nbsp;&nbsp; <\/a> <a href=\"https:\/\/meteoinfo.ru\/observations\">Venemaa&nbsp;&nbsp;&nbsp;&nbsp;&nbsp; <\/a><\/p>\n<p><a href=\"https:\/\/www.meteociel.fr\/observations-meteo\/temperatures.php?archive=1&#038;region=eur2\">Euroopa hetkeilm ja tagasivaated  <\/a><br \/>\n<a href=\"https:\/\/www.meteociel.fr\/observations-meteo\/temperatures.php?region=eur2\">Prantsusmaa Euroopa&nbsp;&nbsp;&nbsp;&nbsp;&nbsp; <\/a><\/p>\n<p>&nbsp;<\/p>\n<p>Ilm mujal<\/p>\n<p>\u00dclevaade kogu maailma ilmast  <a href=\"https:\/\/earth.nullschool.net\/#current\/wind\/surface\/level\/overlay=temp\/orthographic=-332.23,32.92,403\">earth.nullschool.net<\/a> (vajutades hiirega kaardil huvipakkuvasse kohta, n\u00e4ete selle koha (ligikaudu) hetke temperatuuri ja tuule kiirust)<\/p>\n<p>Viimase \u00f6\u00f6p\u00e4eva k\u00f5ige-k\u00f5ige:  <a href=\"http:\/\/www.meteoinfo.ru\/pogoda-extremums\">http:\/\/www.meteoinfo.ru\/pogoda-extremums<\/a><\/p>\n<p>&nbsp;<\/p>\n<p>&nbsp;<\/p>\n<p>&nbsp;<\/p>\n<\/div>\n","protected":false},"excerpt":{"rendered":"<p>Eesti ilm Eesti Ilmateenistuse andmed ja prognoosid: Hetkeilm ja tagasivaated [&hellip;]<\/p>\n","protected":false},"author":1,"featured_media":0,"parent":0,"menu_order":0,"comment_status":"closed","ping_status":"closed","template":"","meta":{"footnotes":""},"class_list":["post-144","page","type-page","status-publish","hentry"],"_links":{"self":[{"href":"https:\/\/www2.tsa.ee\/18122018\/wp-json\/wp\/v2\/pages\/144","targetHints":{"allow":["GET"]}}],"collection":[{"href":"https:\/\/www2.tsa.ee\/18122018\/wp-json\/wp\/v2\/pages"}],"about":[{"href":"https:\/\/www2.tsa.ee\/18122018\/wp-json\/wp\/v2\/types\/page"}],"author":[{"embeddable":true,"href":"https:\/\/www2.tsa.ee\/18122018\/wp-json\/wp\/v2\/users\/1"}],"replies":[{"embeddable":true,"href":"https:\/\/www2.tsa.ee\/18122018\/wp-json\/wp\/v2\/comments?post=144"}],"version-history":[{"count":4,"href":"https:\/\/www2.tsa.ee\/18122018\/wp-json\/wp\/v2\/pages\/144\/revisions"}],"predecessor-version":[{"id":159,"href":"https:\/\/www2.tsa.ee\/18122018\/wp-json\/wp\/v2\/pages\/144\/revisions\/159"}],"wp:attachment":[{"href":"https:\/\/www2.tsa.ee\/18122018\/wp-json\/wp\/v2\/media?parent=144"}],"curies":[{"name":"wp","href":"https:\/\/api.w.org\/{rel}","templated":true}]}}