{"id":123,"date":"2019-01-27T18:44:57","date_gmt":"2019-01-27T18:44:57","guid":{"rendered":"http:\/\/www2.tsa.ee\/18122018\/?page_id=123"},"modified":"2019-02-12T22:57:19","modified_gmt":"2019-02-12T22:57:19","slug":"ilm2","status":"publish","type":"page","link":"https:\/\/www2.tsa.ee\/18122018\/ilm2\/","title":{"rendered":"Ilm2"},"content":{"rendered":"<div class=\"entry-content\">\n<h1>Eesti ilm<\/h1>\n<p>Eesti Ilmateenistuse andmed ja prognoosid:<\/p>\n<p><strong><a href=\"http:\/\/www.ilmateenistus.ee\/ilm\/ilmavaatlused\/vaatlusandmed\/\">Hetkeilm ja tagasivaated<\/a> <a href=\"http:\/\/www.ilmateenistus.ee\/ilm\/prognoosid\/4-oopaeva-prognoos\/\">4 \u00f6\u00f6p\u00e4eva ilmaprognoos<\/a><\/strong> <a href=\"http:\/\/www.ilmateenistus.ee\/ilm\/prognoosid\/nadala-ja-kuuprognoos\/nadalaprognoos\/\">N\u00e4dalaprognoos<\/a><\/p>\n<p><a href=\"http:\/\/www.ilmateenistus.ee\/ilm\/prognoosid\/mudelprognoosid\/euroopa\/#layers\/temp2mv2,presmslp,presmslv\">HIRLAM mudelprognoos temperatuur<\/a> <a href=\"http:\/\/www.ilmateenistus.ee\/ilm\/prognoosid\/mudelprognoosid\/euroopa\/#layers\/tuul10ms,tuul10mb,presmslp,presmslv\">HIRLAM mudelprognoos tuul<\/a><\/p>\n<p><a href=\"http:\/\/www.ilmateenistus.ee\/ilm\/ilmavaatlused\/sademed\/\">Lumikate ja sademed<\/a> <a href=\"http:\/\/www.ilmateenistus.ee\/ilm\/ilmavaatlused\/radaripildid\/komposiitpilt\/\">Ilmaradar<\/a><\/p>\n<p><a href=\"http:\/\/www.ilmateenistus.ee\/siseveed\/vaatlusandmed\/kaart\/\">Veetemperatuurid siseveekogudel<\/a> <a href=\"http:\/\/www.ilmateenistus.ee\/meri\/vaatlusandmed\/kogu-rannik\/kaart\/\">Merevee temperatuurid<\/a> <a href=\"http:\/\/www.ilmateenistus.ee\/meri\/jaakaart\/\">J\u00e4\u00e4kaart<\/a><\/p>\n<p>&nbsp;<\/p>\n<p>Ilmaolud Maanteeameti teeilmajaamade ja teekaamerate vahendusel: <a href=\"https:\/\/tarktee.mnt.ee\/#\">https:\/\/tarktee.mnt.ee\/#<\/a><\/p>\n<p>&nbsp;<\/p>\n<p>YR.NO (Norra ilmateenistuse prognoosid)<\/p>\n<p><strong>48 tundi<\/strong> <a href=\"https:\/\/www.yr.no\/place\/Estonia\/Harjumaa\/Tallinn\/hour_by_hour.html\">Tallinn<\/a> <a href=\"https:\/\/www.yr.no\/place\/Estonia\/Tartumaa\/Tartu\/hour_by_hour.html\">Tartu<\/a> <a href=\"https:\/\/www.yr.no\/place\/Estonia\/Ida-Virumaa\/Narva\/hour_by_hour.html\">Narva<\/a> <a href=\"https:\/\/www.yr.no\/place\/Estonia\/J\u00e4rvamaa\/T\u00fcri\/hour_by_hour.html\">T\u00fcri<\/a> <a href=\"https:\/\/www.yr.no\/place\/Estonia\/V\u00f5rumaa\/V\u00f5ru\/hour_by_hour.html\">V\u00f5ru<\/a> <a href=\"https:\/\/www.yr.no\/place\/Estonia\/P\u00e4rnumaa\/P\u00e4rnu\/hour_by_hour.html\">P\u00e4rnu<\/a> <a href=\"https:\/\/www.yr.no\/place\/Estonia\/Saaremaa\/Kuressaare\/hour_by_hour.html\">Kuressaare<\/a><\/p>\n<p><strong>10 p\u00e4eva <\/strong> <a href=\"https:\/\/www.yr.no\/place\/Estonia\/Harjumaa\/Tallinn\/long.html\">Tallinn<\/a> <a href=\"https:\/\/www.yr.no\/place\/Estonia\/Tartumaa\/Tartu\/long.html\">Tartu<\/a> <a href=\"https:\/\/www.yr.no\/place\/Estonia\/Ida-Virumaa\/Narva\/long.html\">Narva<\/a> <a href=\"https:\/\/www.yr.no\/place\/Estonia\/J\u00e4rvamaa\/T\u00fcri\/long.html\">T\u00fcri<\/a> <a href=\"https:\/\/www.yr.no\/place\/Estonia\/V\u00f5rumaa\/V\u00f5ru\/long.html\">V\u00f5ru<\/a> <a href=\"https:\/\/www.yr.no\/place\/Estonia\/P\u00e4rnumaa\/P\u00e4rnu\/long.html\">P\u00e4rnu<\/a> <a href=\"https:\/\/www.yr.no\/place\/Estonia\/Saaremaa\/Kuressaare\/long.html\">Kuressaare<\/a><\/p>\n<p>&nbsp;<\/p>\n<p>&nbsp;<\/p>\n<p>Hetkeilm l\u00e4hiriikides (vaatlusandmed)<\/p>\n<p><a href=\"https:\/\/www.yr.no\/observasjonar\/\">Norra\u00a0\u00a0\u00a0\u00a0\u00a0 <\/a> <a href=\"https:\/\/www.smhi.se\/en\/weather\/sweden-weather\/observations\">Rootsi\u00a0\u00a0\u00a0\u00a0\u00a0 <\/a> <a href=\"http:\/\/www.ilmatieteenlaitos.fi\/\">Soome\u00a0\u00a0\u00a0\u00a0\u00a0 <\/a> <a href=\"https:\/\/meteoinfo.ru\/observations\">Venemaa\u00a0\u00a0\u00a0\u00a0\u00a0 <\/a><\/p>\n<p><a href=\"https:\/\/www.meteo.lv\/en\/meteorologijas-operativa-informacija\">L\u00e4ti\u00a0\u00a0\u00a0\u00a0\u00a0 <\/a> <a href=\"http:\/\/www.meteo.lt\/en\/web\/guest\/observed-weather\">Leedu\u00a0\u00a0\u00a0\u00a0\u00a0 <\/a> <a href=\"http:\/\/pogoda.by\/meteoarchive\/\">Valgevene\u00a0\u00a0\u00a0\u00a0\u00a0 <\/a> <a href=\"http:\/\/meteo.gov.ua\/en\/33345\/current\/ukraine\">Ukraina\u00a0\u00a0\u00a0\u00a0\u00a0 <\/a><\/p>\n<p><a href=\"https:\/\/dmi.dk\/seneste-24-timer\/\">Taani\u00a0\u00a0\u00a0\u00a0\u00a0 <\/a> <a href=\"https:\/\/www.dwd.de\/DE\/wetter\/wetter_node.html\">Saksamaa\u00a0\u00a0\u00a0\u00a0\u00a0 <\/a> <a href=\"http:\/\/www.pogodynka.pl\/\">Poola\u00a0\u00a0\u00a0\u00a0\u00a0 <\/a><\/p>\n<p>Hetkeilm Euroopa riikides (vaatlusandmed, t\u00e4hestiku j\u00e4rjekorras)<\/p>\n<p><a href=\"https:\/\/www.yr.no\/observasjonar\/\">Norra\u00a0\u00a0\u00a0\u00a0\u00a0 <\/a> <a href=\"https:\/\/www.smhi.se\/en\/weather\/sweden-weather\/observations\">Rootsi\u00a0\u00a0\u00a0\u00a0\u00a0 <\/a> <a href=\"http:\/\/www.ilmatieteenlaitos.fi\/\">Soome\u00a0\u00a0\u00a0\u00a0\u00a0 <\/a> <a href=\"https:\/\/meteoinfo.ru\/observations\">Venemaa\u00a0\u00a0\u00a0\u00a0\u00a0 <\/a><\/p>\n<p><a href=\"https:\/\/www.meteo.lv\/en\/meteorologijas-operativa-informacija\">L\u00e4ti\u00a0\u00a0\u00a0\u00a0\u00a0 <\/a> <a href=\"http:\/\/www.meteo.lt\/en\/web\/guest\/observed-weather\">Leedu\u00a0\u00a0\u00a0\u00a0\u00a0 <\/a> <a href=\"http:\/\/pogoda.by\/meteoarchive\/\">Valgevene\u00a0\u00a0\u00a0\u00a0\u00a0 <\/a> <a href=\"http:\/\/meteo.gov.ua\/en\/33345\/current\/ukraine\">Ukraina\u00a0\u00a0\u00a0\u00a0\u00a0 <\/a><\/p>\n<p><a href=\"https:\/\/dmi.dk\/seneste-24-timer\/\">Taani\u00a0\u00a0\u00a0\u00a0\u00a0 <\/a> <a href=\"https:\/\/www.dwd.de\/DE\/wetter\/wetter_node.html\">Saksamaa\u00a0\u00a0\u00a0\u00a0\u00a0 <\/a> <a href=\"http:\/\/www.pogodynka.pl\/\">Poola\u00a0\u00a0\u00a0\u00a0\u00a0 <\/a><\/p>\n<p><a href=\"https:\/\/www.meteo.be\/meteo\/view\/en\/123386-Observations.html\">Belgia\u00a0\u00a0\u00a0\u00a0\u00a0 <\/a><\/p>\n<p><a href=\"http:\/\/www.meteo.bg\/en\/meteoNow\">Bulgaaria\u00a0\u00a0\u00a0\u00a0\u00a0 <\/a><\/p>\n<p><a href=\"https:\/\/www.knmi.nl\/nederland-nu\/weer\/waarnemingen\">Holland\u00a0\u00a0\u00a0\u00a0\u00a0 <\/a><\/p>\n<p><a href=\"http:\/\/meteo.arso.gov.si\/met\/en\/weather\/observ\/surface\/\">Sloveenia\u00a0\u00a0\u00a0\u00a0\u00a0 <\/a><br \/>\n<a href=\"http:\/\/meteo.hr\/podaci_e.php?section=podaci_vrijeme&amp;prikaz=abc\">Horvaatia\u00a0\u00a0\u00a0\u00a0\u00a0 <\/a><br \/>\n<a href=\"http:\/\/www.hidmet.gov.rs\/eng\/osmotreni\/index.php\">Serbia\u00a0\u00a0\u00a0\u00a0\u00a0 <\/a><br \/>\n<a href=\"http:\/\/www.meteoromania.ro\/\">Rumeenia\u00a0\u00a0\u00a0\u00a0\u00a0 <\/a><br \/>\n<a href=\"http:\/\/www.meteo.md\/index.php\/en\">Moldova\u00a0\u00a0\u00a0\u00a0\u00a0 <\/a><br \/>\n<a href=\"https:\/\/www.met.ie\/latest-reports\/observations\">Iirimaa\u00a0\u00a0\u00a0\u00a0\u00a0 <\/a><br \/>\n<a href=\"https:\/\/en.vedur.is\/#tab=obs\">Island\u00a0\u00a0\u00a0\u00a0\u00a0 <\/a><br \/>\n<a href=\"http:\/\/wow.metoffice.gov.uk\/\">Suurbritannia1\u00a0\u00a0\u00a0\u00a0\u00a0 <\/a><br \/>\n<a href=\"https:\/\/www.theweatheroutlook.com\/twodata\/uk-weather-archive-map.aspx\">Suurbritannia2\u00a0\u00a0\u00a0\u00a0\u00a0 <\/a><br \/>\n<a href=\"https:\/\/www.zamg.ac.at\/cms\/de\/wetter\/wetterwerte-analysen\">Austria\u00a0\u00a0\u00a0\u00a0\u00a0 <\/a><br \/>\n<a href=\"http:\/\/www.aemet.es\/en\/eltiempo\/observacion\/ultimosdatos\">Hispaania\u00a0\u00a0\u00a0\u00a0\u00a0 <\/a><br \/>\n<a href=\"https:\/\/www.ipma.pt\/en\/otempo\/obs.superficie\/#\">Portugal\u00a0\u00a0\u00a0\u00a0\u00a0 <\/a><\/p>\n<p><a href=\"http:\/\/www.meteoam.it\/tempo_in_atto\/italia\">Itaalia\u00a0\u00a0\u00a0\u00a0\u00a0 <\/a><\/p>\n<p><a href=\"http:\/\/www.emy.gr\/emy\/en\/index_html\">Kreeka\u00a0\u00a0\u00a0\u00a0\u00a0 <\/a><\/p>\n<p><a href=\"https:\/\/www.meteociel.fr\/observations-meteo\/temperatures.php\">Prantsusmaa\u00a0\u00a0\u00a0\u00a0\u00a0 <\/a><\/p>\n<p><a href=\"https:\/\/www.dwd.de\/DE\/wetter\/wetter_node.html\">Saksamaa\u00a0\u00a0\u00a0\u00a0\u00a0 <\/a><\/p>\n<p><a href=\"http:\/\/www.shmu.sk\/sk\/?page=1\">Slovakkia\u00a0\u00a0\u00a0\u00a0\u00a0 <\/a><\/p>\n<p><a href=\"https:\/\/www.meteoswiss.admin.ch\/home\/measurement-values.html?param=messwerte-lufttemperatur-10min\">\u0160veits\u00a0\u00a0\u00a0\u00a0\u00a0 <\/a><\/p>\n<p><a href=\"http:\/\/portal.chmi.cz\/?l=en\">T\u0161ehhi\u00a0\u00a0\u00a0\u00a0\u00a0 <\/a><\/p>\n<p><a href=\"http:\/\/meteo.gov.ua\/en\/33345\/current\/ukraine\">Ukraina\u00a0\u00a0\u00a0\u00a0\u00a0 <\/a><\/p>\n<p><a href=\"http:\/\/www.met.hu\/en\/idojaras\/aktualis_idojaras\/\">Ungari\u00a0\u00a0\u00a0\u00a0\u00a0 <\/a><\/p>\n<p><a href=\"https:\/\/www.meteociel.fr\/observations-meteo\/temperatures.php?archive=1&amp;region=eur2\">Euroopa hetkeilm ja tagasivaated <\/a><br \/>\n<a href=\"https:\/\/www.meteociel.fr\/observations-meteo\/temperatures.php?region=eur2\">Prantsusmaa Euroopa\u00a0\u00a0\u00a0\u00a0\u00a0 <\/a><\/p>\n<p>&nbsp;<\/p>\n<p>Ilm mujal<\/p>\n<p>\u00dclevaade kogu maailma ilmast <a href=\"https:\/\/earth.nullschool.net\/#current\/wind\/surface\/level\/overlay=temp\/orthographic=-332.23,32.92,403\">earth.nullschool.net<\/a> (vajutades hiirega kaardil huvipakkuvasse kohta, n\u00e4ete selle koha (ligikaudu) hetke temperatuuri ja tuule kiirust)<\/p>\n<p>Viimase \u00f6\u00f6p\u00e4eva k\u00f5ige-k\u00f5ige: <a href=\"http:\/\/www.meteoinfo.ru\/pogoda-extremums\">http:\/\/www.meteoinfo.ru\/pogoda-extremums<\/a><\/p>\n<p>&nbsp;<\/p>\n<p>Euroopa<\/p>\n<p>Itaalia <a href=\"http:\/\/www.meteoam.it\/tempo_in_atto\/italia\">http:\/\/www.meteoam.it\/tempo_in_atto\/italia<\/a><\/p>\n<p>Kreeka <a href=\"http:\/\/www.emy.gr\/emy\/en\/index_html\">http:\/\/www.emy.gr\/emy\/en\/index_html<\/a><\/p>\n<p>Poola <a href=\"http:\/\/www.pogodynka.pl\/\">http:\/\/www.pogodynka.pl\/<\/a><\/p>\n<p>Saksamaa ilmateenistus <a href=\"http:\/\/www.dwd.de\/DE\/Home\/home_node.html\">http:\/\/www.dwd.de\/DE\/Home\/home_node.html<\/a><\/p>\n<p>T\u0161ehhi <a href=\"http:\/\/portal.chmi.cz\/?l=en\">http:\/\/portal.chmi.cz\/?l=en<\/a><\/p>\n<p>Ukraina <a href=\"http:\/\/meteo.gov.ua\/en\/33345\/current\/ukraine\">http:\/\/meteo.gov.ua\/en\/33345\/current\/ukraine<\/a><\/p>\n<p>Ungari <a href=\"http:\/\/www.met.hu\/en\/idojaras\/aktualis_idojaras\/\">http:\/\/www.met.hu\/en\/idojaras\/aktualis_idojaras\/<\/a><\/p>\n<p>&nbsp;<\/p>\n<p>&nbsp;<\/p>\n<\/div>\n","protected":false},"excerpt":{"rendered":"<p>Eesti ilm Eesti Ilmateenistuse andmed ja prognoosid: Hetkeilm ja tagasivaated [&hellip;]<\/p>\n","protected":false},"author":1,"featured_media":0,"parent":0,"menu_order":0,"comment_status":"closed","ping_status":"closed","template":"","meta":{"footnotes":""},"class_list":["post-123","page","type-page","status-publish","hentry"],"_links":{"self":[{"href":"https:\/\/www2.tsa.ee\/18122018\/wp-json\/wp\/v2\/pages\/123","targetHints":{"allow":["GET"]}}],"collection":[{"href":"https:\/\/www2.tsa.ee\/18122018\/wp-json\/wp\/v2\/pages"}],"about":[{"href":"https:\/\/www2.tsa.ee\/18122018\/wp-json\/wp\/v2\/types\/page"}],"author":[{"embeddable":true,"href":"https:\/\/www2.tsa.ee\/18122018\/wp-json\/wp\/v2\/users\/1"}],"replies":[{"embeddable":true,"href":"https:\/\/www2.tsa.ee\/18122018\/wp-json\/wp\/v2\/comments?post=123"}],"version-history":[{"count":20,"href":"https:\/\/www2.tsa.ee\/18122018\/wp-json\/wp\/v2\/pages\/123\/revisions"}],"predecessor-version":[{"id":158,"href":"https:\/\/www2.tsa.ee\/18122018\/wp-json\/wp\/v2\/pages\/123\/revisions\/158"}],"wp:attachment":[{"href":"https:\/\/www2.tsa.ee\/18122018\/wp-json\/wp\/v2\/media?parent=123"}],"curies":[{"name":"wp","href":"https:\/\/api.w.org\/{rel}","templated":true}]}}